{"id":8,"date":"2012-05-26T16:18:06","date_gmt":"2012-05-26T16:18:06","guid":{"rendered":"http:\/\/www.carpintariasaojudastadeu.com.br\/site\/?page_id=8"},"modified":"2021-01-05T20:03:59","modified_gmt":"2021-01-05T20:03:59","slug":"contato","status":"publish","type":"page","link":"https:\/\/www.carpintariasaojudastadeu.com.br\/site\/contato\/","title":{"rendered":"Contato"},"content":{"rendered":"<h3 style=\"text-align: center;\">Visite-nos no Facebook<\/h3>\n<p style=\"text-align: center;\"><a href=\"https:\/\/www.facebook.com\/carpintariasaojudas\" target=\"_blank\" rel=\"noopener noreferrer\"><img loading=\"lazy\" decoding=\"async\" class=\"size-full wp-image-1346 aligncenter\" src=\"https:\/\/www.carpintariasaojudastadeu.com.br\/site\/wp-content\/uploads\/2021\/01\/facebook.png\" alt=\"\" width=\"186\" height=\"57\" \/><\/a><br \/>\n<a href=\"https:\/\/www.facebook.com\/carpintariasaojudas\" target=\"_blank\" rel=\"noopener noreferrer\">www.facebook.com\/carpintariasaojudas<\/a><\/p>\n<table style=\"border: 1px solid black; margin-left: auto; margin-right: auto;\">\n<tbody>\n<tr>\n<th>\n<h3 style=\"text-align: center;\">Localiza\u00e7\u00e3o<\/h3>\n<\/th>\n<th>\n<h3 style=\"text-align: center;\">Hor\u00e1rio de Funcionamento<\/h3>\n<\/th>\n<\/tr>\n<tr>\n<td>\n<p style=\"text-align: center;\">Av. Manoel Ribas, 5281<\/p>\n<p style=\"text-align: center;\">Santa Felicidade, Curitiba &#8211; PR<\/p>\n<p style=\"text-align: center;\">Telefone: (41)\u00a03272-1011<\/p>\n<p style=\"text-align: center;\"><a href=\"mailto:vendas@vendramin.ind.br\"><img loading=\"lazy\" decoding=\"async\" class=\"aligncenter size-full wp-image-1351\" src=\"https:\/\/www.carpintariasaojudastadeu.com.br\/site\/wp-content\/uploads\/2021\/01\/mail.ico\" alt=\"\" width=\"16\" height=\"16\" srcset=\"https:\/\/www.carpintariasaojudastadeu.com.br\/site\/wp-content\/uploads\/2021\/01\/mail.ico 16w, https:\/\/www.carpintariasaojudastadeu.com.br\/site\/wp-content\/uploads\/2021\/01\/mail-150x150.ico 150w\" sizes=\"auto, (max-width: 16px) 100vw, 16px\" \/>vendas@vendramin.ind.br<\/a><\/p>\n<\/td>\n<td>\n<p style=\"text-align: center;\">Segunda a Sexta-feira<\/p>\n<p style=\"text-align: center;\">Manh\u00e3: 7h30 \u00e0s 11h30<\/p>\n<p style=\"text-align: center;\">Tarde: 13h00 \u00e0s 18h00<\/p>\n<\/td>\n<\/tr>\n<\/tbody>\n<\/table>\n<hr \/>\n<p style=\"text-align: center;\"><iframe loading=\"lazy\" style=\"border: 0;\" tabindex=\"0\" src=\"https:\/\/www.google.com\/maps\/embed?pb=!1m18!1m12!1m3!1d3603.8855449354182!2d-49.32652784939249!3d-25.408641538192388!2m3!1f0!2f0!3f0!3m2!1i1024!2i768!4f13.1!3m3!1m2!1s0x94dce10aa5394a67%3A0xf5e91201d3bf8272!2sCarpintaria%20S%C3%A3o%20Judas%20Tadeu!5e0!3m2!1spt-BR!2sbr!4v1608499061345!5m2!1spt-BR!2sbr\" width=\"600\" height=\"450\" frameborder=\"0\" allowfullscreen=\"allowfullscreen\" aria-hidden=\"false\"><\/iframe><\/p>\n","protected":false},"excerpt":{"rendered":"<p>Visite-nos no Facebook www.facebook.com\/carpintariasaojudas Localiza\u00e7\u00e3o Hor\u00e1rio de Funcionamento Av. Manoel Ribas, 5281 Santa Felicidade, Curitiba &#8211; PR Telefone: (41)\u00a03272-1011 vendas@vendramin.ind.br Segunda a Sexta-feira Manh\u00e3: 7h30 \u00e0s 11h30 Tarde: 13h00 \u00e0s 18h00<\/p>\n","protected":false},"author":5,"featured_media":0,"parent":0,"menu_order":0,"comment_status":"open","ping_status":"closed","template":"","meta":{"footnotes":""},"class_list":["post-8","page","type-page","status-publish","hentry"],"_links":{"self":[{"href":"https:\/\/www.carpintariasaojudastadeu.com.br\/site\/wp-json\/wp\/v2\/pages\/8","targetHints":{"allow":["GET"]}}],"collection":[{"href":"https:\/\/www.carpintariasaojudastadeu.com.br\/site\/wp-json\/wp\/v2\/pages"}],"about":[{"href":"https:\/\/www.carpintariasaojudastadeu.com.br\/site\/wp-json\/wp\/v2\/types\/page"}],"author":[{"embeddable":true,"href":"https:\/\/www.carpintariasaojudastadeu.com.br\/site\/wp-json\/wp\/v2\/users\/5"}],"replies":[{"embeddable":true,"href":"https:\/\/www.carpintariasaojudastadeu.com.br\/site\/wp-json\/wp\/v2\/comments?post=8"}],"version-history":[{"count":31,"href":"https:\/\/www.carpintariasaojudastadeu.com.br\/site\/wp-json\/wp\/v2\/pages\/8\/revisions"}],"predecessor-version":[{"id":1353,"href":"https:\/\/www.carpintariasaojudastadeu.com.br\/site\/wp-json\/wp\/v2\/pages\/8\/revisions\/1353"}],"wp:attachment":[{"href":"https:\/\/www.carpintariasaojudastadeu.com.br\/site\/wp-json\/wp\/v2\/media?parent=8"}],"curies":[{"name":"wp","href":"https:\/\/api.w.org\/{rel}","templated":true}]}}