{"id":36,"date":"2012-05-26T16:23:16","date_gmt":"2012-05-26T16:23:16","guid":{"rendered":"http:\/\/www.carpintariasaojudastadeu.com.br\/site\/?page_id=36"},"modified":"2017-12-08T14:20:56","modified_gmt":"2017-12-08T14:20:56","slug":"quem-somos","status":"publish","type":"page","link":"https:\/\/www.carpintariasaojudastadeu.com.br\/site\/quem-somos\/","title":{"rendered":"Quem Somos"},"content":{"rendered":"<p style=\"text-align: justify;\">\u00a0 \u00a0 \u00a0&#8220;Em 1878 chegavam em Curitiba as primeiras 15 fam\u00edlias de Italianos vindos da regi\u00e3o de V\u00eaneto. Essas 15 fam\u00edlias escolheram a regi\u00e3o noroeste de Curitiba para fixarem resid\u00eancia e se dedicarem,  principalmente, \u00e0 agricultura e \u00e0 fabrica\u00e7\u00e3o de vinho. Essa regi\u00e3o prosperou e hoje forma o mundialmente conhecido bairro de Santa Felicidade.<\/p>\n<p style=\"text-align: justify;\">\u00a0 \u00a0 \u00a0Dentre as 15 primeiras fam\u00edlias, estava a de Giuseppe Vendramin. Por j\u00e1 trabalhar \u00a0com carpintaria na It\u00e1lia, Giuseppe dedicou-se, aqui no Brasil, \u00e0 fabrica\u00e7\u00e3o de pipas e ton\u00e9is para armazenamento do vinho produzido na col\u00f4nia, bem como as carro\u00e7as utilizadas na \u00e9poca.<\/p>\n<p style=\"text-align: justify;\">\u00a0 \u00a0 \u00a0A tradi\u00e7\u00e3o de Giuseppe passou para seu filho Alfredo Vendramin, cat\u00f3lico fervoroso e devoto de S\u00e3o Judas Tadeu, ele oficializou a empresa sob o nome de Carpintaria S\u00e3o Judas Tadeu por volta de 1930.&#8221;<\/p>\n<p style=\"text-align: justify;\">\u00a0 \u00a0 Hoje, a Carpintaria S\u00e3o Judas Tadeu encontra-se na sua terceira gera\u00e7\u00e3o, com mais de um s\u00e9culo de tradi\u00e7\u00e3o, mantendo a mesma dedica\u00e7\u00e3o e qualidade dos tempos do Sr. Alfredo !!! &#8230;<\/p>\n<div>Estas s\u00e3o as 15 primeiras fam\u00edlias que chegaram ao Brasil no ano de 1878:<\/p>\n<ul>\n<li><span style=\"color: #99cc00;\">Alberti<\/span>, Giovanni<\/li>\n<li><span style=\"color: #99cc00;\">Boscardin<\/span>, Francesco e seu irm\u00e3o <span style=\"color: #99cc00;\">Boscardin<\/span>, Luigi<\/li>\n<li><span style=\"color: #99cc00;\">Luca<\/span>, Latini<\/li>\n<li><span style=\"color: #99cc00;\">Benato<\/span>, Maddalena<\/li>\n<li><span style=\"color: #99cc00;\">Comparin<\/span>, Francesco<\/li>\n<li><span style=\"color: #99cc00;\">Cumin<\/span>, Calisto<\/li>\n<li><span style=\"color: #99cc00;\">Dalla Stella<\/span>, Giuseppe<\/li>\n<li><span style=\"color: #99cc00;\">Lucca<\/span>, Giovanni e seu sobrinho <span style=\"color: #99cc00;\">Muraro<\/span>, Bortolo<\/li>\n<li>(outro) <span style=\"color: #99cc00;\">Muraro<\/span>, Bortolo (chamado de Trevisanello)<\/li>\n<li>Cuman, Santo<\/li>\n<li><span style=\"color: #99cc00;\">Breda<\/span>, Giacomo e <span style=\"color: #99cc00;\">Casagrande<\/span>, Giovanni<\/li>\n<li><span style=\"color: #99cc00;\">Bacalfi<\/span>, Basilio<\/li>\n<li><span style=\"color: #99cc00;\">Paolin<\/span>, Antonio<\/li>\n<li><span style=\"color: #99cc00;\">Ravanello<\/span>, Giuseppe<\/li>\n<li><span style=\"color: #99cc00;\">Tagliaro<\/span>, Sebastiano e seu sobrinho <strong><span style=\"color: #ff0000;\">Vendramin<\/span><\/strong>, Giuseppe.<\/li>\n<\/ul>\n<\/div>\n","protected":false},"excerpt":{"rendered":"<p>\u00a0 \u00a0 \u00a0&#8220;Em 1878 chegavam em Curitiba as primeiras 15 fam\u00edlias de Italianos vindos da regi\u00e3o de V\u00eaneto. Essas 15 fam\u00edlias escolheram a regi\u00e3o noroeste de Curitiba para fixarem resid\u00eancia e se dedicarem, principalmente, \u00e0 agricultura e \u00e0 fabrica\u00e7\u00e3o de vinho. Essa regi\u00e3o prosperou e hoje forma o mundialmente conhecido bairro de Santa Felicidade. \u00a0 [&hellip;]<\/p>\n","protected":false},"author":5,"featured_media":0,"parent":0,"menu_order":0,"comment_status":"open","ping_status":"closed","template":"","meta":{"footnotes":""},"class_list":["post-36","page","type-page","status-publish","hentry"],"_links":{"self":[{"href":"https:\/\/www.carpintariasaojudastadeu.com.br\/site\/wp-json\/wp\/v2\/pages\/36","targetHints":{"allow":["GET"]}}],"collection":[{"href":"https:\/\/www.carpintariasaojudastadeu.com.br\/site\/wp-json\/wp\/v2\/pages"}],"about":[{"href":"https:\/\/www.carpintariasaojudastadeu.com.br\/site\/wp-json\/wp\/v2\/types\/page"}],"author":[{"embeddable":true,"href":"https:\/\/www.carpintariasaojudastadeu.com.br\/site\/wp-json\/wp\/v2\/users\/5"}],"replies":[{"embeddable":true,"href":"https:\/\/www.carpintariasaojudastadeu.com.br\/site\/wp-json\/wp\/v2\/comments?post=36"}],"version-history":[{"count":12,"href":"https:\/\/www.carpintariasaojudastadeu.com.br\/site\/wp-json\/wp\/v2\/pages\/36\/revisions"}],"predecessor-version":[{"id":1078,"href":"https:\/\/www.carpintariasaojudastadeu.com.br\/site\/wp-json\/wp\/v2\/pages\/36\/revisions\/1078"}],"wp:attachment":[{"href":"https:\/\/www.carpintariasaojudastadeu.com.br\/site\/wp-json\/wp\/v2\/media?parent=36"}],"curies":[{"name":"wp","href":"https:\/\/api.w.org\/{rel}","templated":true}]}}